{"id":146,"date":"2020-03-01T18:56:34","date_gmt":"2020-03-01T16:56:34","guid":{"rendered":"http:\/\/multipurpose.loc\/hotel\/?page_id=146"},"modified":"2020-03-02T21:28:20","modified_gmt":"2020-03-02T19:28:20","slug":"latnivalok","status":"publish","type":"page","link":"https:\/\/kalihost.ro\/?page_id=146","title":{"rendered":"Turisztikai l\u00e1tnival\u00f3k"},"content":{"rendered":"<p>[vc_row][vc_column][stm_spacer height=&#8221;40&#8243; height_tablet=&#8221;30&#8243; height_mobile=&#8221;20&#8243;][\/vc_column][\/vc_row][vc_row equal_height=&#8221;yes&#8221; content_placement=&#8221;top&#8221; shadow_x_offset=&#8221;0&#8243; shadow_y_offset=&#8221;0&#8243; shadow_blur=&#8221;0&#8243; shadow_spread=&#8221;0&#8243;][vc_column width=&#8221;1\/3&#8243;][vc_custom_heading text=&#8221;Marosv\u00e1s\u00e1rhely&#8221; font_container=&#8221;tag:h2|font_size:40px|text_align:center|line_height:47px&#8221; use_theme_fonts=&#8221;yes&#8221;][\/vc_column][vc_column width=&#8221;2\/3&#8243;][vc_column_text]A sz\u00e9kelys\u00e9g\u00a0m\u0171vel\u0151d\u00e9si,\u00a0ipari,\u00a0kereskedelmi,\u00a0k\u00f6zleked\u00e9si,\u00a0oktat\u00e1si\u00a0\u00e9s szellemi k\u00f6zpontja. Az egykori\u00a0Marossz\u00e9k,\u00a0Maros-Torda v\u00e1rmegye, majd a\u00a0Magyar Auton\u00f3m Tartom\u00e1ny, ma pedig\u00a0Maros megye\u00a0sz\u00e9khelye, a k\u00f6r\u00fcl\u00f6tte l\u00e9trej\u00f6tt\u00a0Marosv\u00e1s\u00e1rhely Metropolisz\u00f6vezet\u00a0k\u00f6zpontja. Lakoss\u00e1g\u00e1t tekintve\u00a0Rom\u00e1nia tizenhatodik,\u00a0<sup id=\"cite_ref-4\" class=\"reference\"><\/sup>Erd\u00e9ly\u00a0hatodik legnagyobb v\u00e1rosa. Itt \u00e9l a legt\u00f6bb\u00a0magyar\u00a0Rom\u00e1ni\u00e1ban; t\u00f6bb, mint\u00a0Kolozsv\u00e1ron.<\/p>\n<p>Ezen a vid\u00e9ken m\u00e1r az\u00a0\u0151skorban\u00a0is volt emberi\u00a0telep\u00fcl\u00e9s, ami a\u00a0Maros\u00a0k\u00f6zels\u00e9g\u00e9nek, illetve a dombokon kiterjed\u0151 hatalmas\u00a0cserfa- \u00e9s\u00a0b\u00fckkerd\u0151knek k\u00f6sz\u00f6nhet\u0151.\u00a0Az els\u0151 telep\u00fcl\u00e9s, amelyet t\u00e9nylegesen a mai Marosv\u00e1s\u00e1rhely el\u0151dj\u00e9nek tekinthet\u00fcnk, a\u00a011. sz\u00e1zadban\u00a0alakult ki. Az 1323-b\u00f3l sz\u00e1rmaz\u00f3 els\u0151 \u00edr\u00e1sos eml\u00edt\u00e9se\u00a0<i>Novum Forum Siculorum<\/i>nak nevezi a v\u00e1rost. A\u00a015. sz\u00e1zad\u00a0els\u0151 fel\u00e9ben Marosv\u00e1s\u00e1rhely m\u00e9g\u00a0mez\u0151v\u00e1ros\u00a0volt \u00e9s\u00a0Marossz\u00e9knek\u00a0volt al\u00e1rendelve. Viszont id\u0151vel mind \u00f6n\u00e1ll\u00f3bb lett, \u00e9s egyre t\u00f6bb kiv\u00e1lts\u00e1got kapott az uralkod\u00f3kt\u00f3l. Az els\u0151 b\u00edr\u00f3i kiv\u00e1lts\u00e1got\u00a0M\u00e1ty\u00e1s kir\u00e1ly\u00a0aj\u00e1nd\u00e9kozta a v\u00e1rosnak, 1470-ben, majd ezt 1482-ben egy v\u00e1s\u00e1ros kiv\u00e1lts\u00e1g is k\u00f6vette.\u00a0B\u00e1thory Istv\u00e1n\u00a0fejedelemt\u0151l\u00a0Izabella kir\u00e1lyn\u00e9ig\u00a0m\u00e9g sz\u00e1mos kiv\u00e1lts\u00e1got kapott, m\u00edg v\u00e9g\u00fcl elnyerte a\u00a0<i>szabad mez\u0151v\u00e1rosi rang<\/i>ot. 1601-ben a\u00a0tizen\u00f6t \u00e9ves h\u00e1bor\u00fa\u00a0nyom\u00e1n a cs\u00e1sz\u00e1ri zsoldosok\u00a0Giorgio Basta\u00a0vezet\u00e9s\u00e9vel fel\u00e9gett\u00e9k. Ezek ut\u00e1n megn\u0151tt az ig\u00e9ny egy falakkal k\u00f6r\u00fclvett\u00a0v\u00e1rra, meg\u00e9p\u00edt\u00e9s\u00e9hez neki is kezdtek, ekkor kapta meg Marosv\u00e1s\u00e1rhely a\u00a0<i>szabad kir\u00e1lyi v\u00e1ros<\/i>\u00a0rangot. A v\u00e1rosi \u00e9let csak a\u00a018. sz\u00e1zad\u00a0sor\u00e1n kezdett kibontakozni, de igazi lend\u00fcletet a\u00a019. sz\u00e1zad\u00a0v\u00e9g\u00e9n, illetve a\u00a020. sz\u00e1zad\u00a0elej\u00e9n\u00a0Bern\u00e1dy Gy\u00f6rgy\u00a0polg\u00e1rmesteri mand\u00e1tuma alatt vett.[\/vc_column_text][\/vc_column][\/vc_row][vc_row][vc_column][stm_spacer height=&#8221;80&#8243; height_tablet=&#8221;50&#8243; height_mobile=&#8221;30&#8243;][\/vc_column][\/vc_row][vc_row][vc_column width=&#8221;1\/3&#8243;][vc_single_image image=&#8221;1562&#8243; img_size=&#8221;370&#215;450&#8243; alignment=&#8221;center&#8221; onclick=&#8221;link_image&#8221; css_animation=&#8221;none&#8221;][stm_spacer height=&#8221;30&#8243; height_tablet=&#8221;20&#8243; height_mobile=&#8221;10&#8243;][\/vc_column][vc_column width=&#8221;1\/3&#8243;][vc_single_image image=&#8221;1563&#8243; img_size=&#8221;370&#215;450&#8243; alignment=&#8221;center&#8221; onclick=&#8221;link_image&#8221;][stm_spacer height=&#8221;30&#8243; height_tablet=&#8221;20&#8243; height_mobile=&#8221;10&#8243;][\/vc_column][vc_column width=&#8221;1\/3&#8243;][vc_single_image image=&#8221;1564&#8243; img_size=&#8221;370&#215;450&#8243; alignment=&#8221;center&#8221; onclick=&#8221;link_image&#8221;][stm_spacer height=&#8221;30&#8243; height_tablet=&#8221;20&#8243; height_mobile=&#8221;10&#8243;][\/vc_column][\/vc_row][vc_row][vc_column][stm_spacer height=&#8221;20&#8243; height_tablet=&#8221;20&#8243; height_mobile=&#8221;10&#8243;][\/vc_column][\/vc_row][vc_row shadow_x_offset=&#8221;0&#8243; shadow_y_offset=&#8221;0&#8243; shadow_blur=&#8221;0&#8243; shadow_spread=&#8221;0&#8243;][vc_column width=&#8221;2\/3&#8243;][vc_tta_accordion c_icon=&#8221;chevron&#8221; c_position=&#8221;right&#8221; active_section=&#8221;1&#8243;][vc_tta_section title=&#8221;Kult\u00farpalota&#8221; tab_id=&#8221;1538132636712-264a5877-6fed&#8221;][vc_column_text]A\u00a0<b>Kult\u00farpalota<\/b>\u00a0Marosv\u00e1s\u00e1rhely\u00a0f\u0151ter\u00e9n \u00e1ll\u00f3 meghat\u00e1roz\u00f3 \u00e9p\u00fclet, amely\u00a01911\u00a0\u00e9s\u00a01913\u00a0k\u00f6z\u00f6tt \u00e9p\u00fclt. Az \u00e9p\u00fcletet a\u00a0Bern\u00e1dy Gy\u00f6rgy\u00a0polg\u00e1rmester \u00e1ltal felk\u00e9rt\u00a0budapesti\u00a0Komor Marcell\u00a0\u00e9s\u00a0Jakab Dezs\u0151\u00a0tervezte. A Kult\u00farpalota a magyaros\u00a0szecesszi\u00f3\u00a0Lechner \u00d6d\u00f6n\u00a0\u00e1ltal elind\u00edtott \u00e9p\u00edt\u00e9szeti mozgalom egyik jelent\u0151s p\u00e9ld\u00e1ja \u00e9s a szint\u00e9n magyaros t\u00f6rekv\u00e9seket k\u00e9pvisel\u0151\u00a0g\u00f6d\u00f6ll\u0151i\u00a0m\u0171v\u00e9sztelep \u00f6sszm\u0171v\u00e9szeti t\u00f6rekv\u00e9seinek cs\u00facspontja.<\/p>\n<p>Az \u00e9p\u00fclet gazdag szobor- \u00e9s\u00a0mozaikd\u00edsze\u00a0ellen\u00e9re is nyugodt \u00f6sszhat\u00e1s\u00fa. Az ablakokon magyar mond\u00e1k jelenetei elevenednek meg. A tet\u0151 k\u00e9k, v\u00f6r\u00f6s \u00e9s feh\u00e9r cserepek fedik, melyeket a h\u00edres\u00a0Zsolnay-gy\u00e1r\u00a0k\u00e9sz\u00edtett.[\/vc_column_text][\/vc_tta_section][vc_tta_section title=&#8221;Angyali \u00fcdv\u00f6zlet katedr\u00e1lis&#8221; tab_id=&#8221;1538132636518-c530006e-2eda&#8221;][vc_column_text]A\u00a0marosv\u00e1s\u00e1rhelyi\u00a0<b>Angyali \u00fcdv\u00f6zlet katedr\u00e1lis,<\/b>\u00a0ismert nev\u00e9n\u00a0<b>kiskatedr\u00e1lis<\/b>\u00a0a\u00a0belv\u00e1rosban, a\u00a0polg\u00e1rmesteri hivatal\u00a0mellett tal\u00e1lhat\u00f3. M\u00e9rete nem egy kisebb katedr\u00e1list id\u00e9z, hanem ink\u00e1bb egy nagyobb k\u00e1poln\u00e1\u00e9hoz hasonl\u00f3.<\/p>\n<p>Az 1926-1936-ban \u00e9p\u00fclt templomot a r\u00f3mai\u00a0Szent P\u00e9ter-bazilika\u00a0mint\u00e1j\u00e1ra tervezt\u00e9k, innen ered az elnevez\u00e9se.\u00a01936.\u00a0szeptember 8-\u00e1n\u00a0szentelt\u00e9k fel.\u00a01948-ban a\u00a0kommunista\u00a0karhatalom betiltotta a\u00a0g\u00f6r\u00f6gkatolikus egyh\u00e1z\u00a0m\u0171k\u00f6d\u00e9s\u00e9t, ez\u00e9rt a templomot a\u00a0g\u00f6r\u00f6gkeletiek\u00a0kapt\u00e1k meg. A rom\u00e1n g\u00f6r\u00f6gkatolikus egyh\u00e1z t\u00f6bbsz\u00f6r k\u00e9rv\u00e9nyezte az \u00e9p\u00fclet visszaszolg\u00e1ltat\u00e1s\u00e1t, de ez m\u00e9g nem t\u00f6rt\u00e9nt meg.[\/vc_column_text][\/vc_tta_section][vc_tta_section title=&#8221;Teleki T\u00e9ka&#8221; tab_id=&#8221;1538132622962-d4599275-36ec&#8221;][vc_column_text]A\u00a0<b>Teleki\u2013Bolyai K\u00f6nyvt\u00e1r<\/b>\u00a0vagy k\u00f6zismert nev\u00e9n\u00a0<b>Teleki T\u00e9ka<\/b>\u00a0Marosv\u00e1s\u00e1rhely\u00a0egyik legjelent\u0151sebb kultur\u00e1lis \u00f6r\u00f6ks\u00e9ge. A k\u00f6nyvt\u00e1rat\u00a01797-ben l\u00e9tes\u00edtette gr\u00f3f\u00a0Teleki S\u00e1muel,\u00a0Erd\u00e9ly\u00a0kancell\u00e1rja, aki nemcsak gazdag, hanem rendk\u00edv\u00fcl m\u0171velt ember is volt, t\u00f6bb eur\u00f3pai egyetemen tanult. Vagyona nagy r\u00e9sz\u00e9t a t\u00f6bb mint 40\u00a0000 k\u00f6tet megv\u00e1s\u00e1rl\u00e1s\u00e1ra ford\u00edtotta, amellyel l\u00e9trehozta a ma nev\u00e9t visel\u0151 k\u00f6zk\u00f6nyvt\u00e1rat.<\/p>\n<p>A\u00a0k\u00f6nyvt\u00e1r\u00a0t\u00f6bb\u00a0\u0151snyomtatv\u00e1nyt, sok r\u00e9gi k\u00f6nyvet, k\u00e9ziratot \u00e9s k\u00f6nyvritkas\u00e1got \u0151riz. \u00c9rdekess\u00e9g, hogy Pesten k\u00e9s\u0151bb, az \u00e9v november 25-\u00e9n alap\u00edtotta gr\u00f3f\u00a0Sz\u00e9ch\u00e9nyi Ferenc\u00a0is a mag\u00e1\u00e9t (Orsz\u00e1gos Sz\u00e9ch\u00e9nyi K\u00f6nyvt\u00e1r), amely a\u00a0Magyar Nemzeti M\u00fazeum\u00a0\u0151se is lett.[\/vc_column_text][\/vc_tta_section][vc_tta_section title=&#8221;V\u00e1rtemplom&#8221; tab_id=&#8221;1538129643112-19237441-374a&#8221;][vc_column_text]A\u00a0marosv\u00e1s\u00e1rhelyi\u00a0reform\u00e1tus\u00a0<b>V\u00e1rtemplom<\/b>\u00a0a v\u00e1ros f\u0151ter\u00e9t\u0151l \u00e9szakkeletre, a\u00a0Bern\u00e1dy Gy\u00f6rgy-t\u00e9r k\u00f6zel\u00e9ben \u00e1ll\u00f3\u00a0k\u00f6z\u00e9pkori v\u00e1r\u00a0ter\u00fclet\u00e9n tal\u00e1lhat\u00f3 leny\u0171g\u00f6z\u0151\u00a0g\u00f3tikus\u00a0templom. Nagytemplomnak is h\u00edvt\u00e1k\u00a019. sz\u00e1zad\u00a0k\u00f6rny\u00e9k\u00e9n.<\/p>\n<p>A templomot a\u00a014. sz\u00e1zadban\u00a0a\u00a0ferencesek\u00a0\u00e9p\u00edtett\u00e9k. A szent\u00e9lyt\u00a01400\u00a0\u0151sz\u00e9n szentelt\u00e9k fel, de a teljes templomot csak 1490-ben. A 16. sz\u00e1zadban\u00a0Marosv\u00e1s\u00e1rhely\u00a0a\u00a0reform\u00e1ci\u00f3\u00a0oldal\u00e1ra \u00e1llt \u00e9s a templom\u00a01557-1559\u00a0k\u00f6rny\u00e9k\u00e9n a\u00a0reform\u00e1tusok\u00a0tulajdon\u00e1ba ker\u00fclt. A\u00a0Veit Stoss\u00a0\u00e1ltal k\u00e9sz\u00edtett fesz\u00fcletet elt\u00e1vol\u00edtott\u00e1k. A sz\u00e1jhagyom\u00e1ny szerint a\u00a0Ny\u00e1r\u00e1d\u00a0foly\u00f3ba dobt\u00e1k \u00e9s \u00fagy ker\u00fclt\u00a0Ny\u00e1r\u00e1dremet\u00e9re.[\/vc_column_text][\/vc_tta_section][vc_tta_section title=&#8221;Somostet\u0151&#8221; tab_id=&#8221;1538129642517-40860cd0-aae9&#8243;][vc_column_text]A\u00a0<b>Somostet\u0151<\/b> egy Marosv\u00e1s\u00e1rhely\u00a0f\u00f6l\u00e9 emelked\u0151 domb.<br \/>\nA tetej\u00e9n van egy parkos\u00edtott r\u00e9sz, \u00e9s az\u00a0\u00e1llatkert\u00a0is itt tal\u00e1lhat\u00f3, valamint egy r\u00e9gi vend\u00e9gl\u0151 (a r\u00e9gi polg\u00e1ri l\u0151t\u00e9r \u00e9p\u00fclete), a hajdani\u00a0Ceau\u0219escu-villa, a\u00a0gyermekvas\u00fat\u00a0\u00e9s egy v\u00edztorony. A\u00a0belv\u00e1ros\u00a0fel\u0151li r\u00e9sz\u00e9re a v\u00e1ros j\u00f3m\u00f3d\u00fa lakosai h\u00faztak fel h\u00e1zakat. Ugyancsak ezen a r\u00e9szen tal\u00e1lhat\u00f3 a zsid\u00f3 temet\u0151, a K\u00f6zponti v\u00e1rosi temet\u0151 \u00e9s a Szovjet h\u0151s\u00f6k temet\u0151je. A\u00a0K\u00f6zpont\u00a0fel\u00e9 n\u00e9z\u0151 oldal\u00e1n a Tr\u00e9bely-sz\u0151l\u0151 h\u00faz\u00f3dik, m\u00edg a\u00a0Tudor lak\u00f3negyed\u00a0fel\u00e9 n\u00e9z\u0151 oldal\u00e1n a Nagyhegysz\u0151l\u0151 tal\u00e1lhat\u00f3. A Somostet\u0151 marad\u00e9k r\u00e9sz\u00e9t\u00a0t\u00f6lgyb\u0151l\u00a0\u00e9s\u00a0gyerty\u00e1nb\u00f3l\u00a0\u00e1ll\u00f3 erd\u0151 bor\u00edtja, amiben jelzett turistautak vezetnek a v\u00e1s\u00e1rhelyiek kedvenc kir\u00e1ndul\u00f3helyei fel\u00e9: N\u00e9metkalap, Terebics, Cinege-tet\u0151.[\/vc_column_text][\/vc_tta_section][\/vc_tta_accordion][\/vc_column][vc_column width=&#8221;1\/3&#8243; shadow_x_offset=&#8221;0&#8243; shadow_y_offset=&#8221;0&#8243; shadow_blur=&#8221;0&#8243; shadow_spread=&#8221;0&#8243; shadow_color=&#8221;&#8221;][vc_row_inner css=&#8221;.vc_custom_1583003629870{margin-right: 0px !important;margin-left: 0px !important;background-image: url(https:\/\/kalihost.ro\/wp-content\/uploads\/2020\/02\/500pxdownload.com-111058125.jpg?id=1565) !important;background-position: center !important;background-repeat: no-repeat !important;background-size: cover !important;}&#8221;][vc_column_inner][stm_spacer height=&#8221;84&#8243; height_tablet=&#8221;60&#8243; height_mobile=&#8221;40&#8243;][stm_icon icon_color=&#8221;custom&#8221; icon_align=&#8221;center&#8221; height=&#8221;80&#8243; icon=&#8221;stmicon-maps-and-flags&#8221; icon_custom_color=&#8221;#ffffff&#8221;][stm_spacer height=&#8221;20&#8243; height_tablet=&#8221;20&#8243; height_mobile=&#8221;10&#8243;][vc_custom_heading text=&#8221;Marosv\u00e1s\u00e1rhely&#8221; font_container=&#8221;tag:h3|text_align:center|color:%23ffffff&#8221; use_theme_fonts=&#8221;yes&#8221;][stm_spacer height=&#8221;10&#8243; height_tablet=&#8221;10&#8243; height_mobile=&#8221;10&#8243;][vc_column_text css=&#8221;.vc_custom_1583005514197{padding-right: 10% !important;padding-left: 10% !important;}&#8221;]<\/p>\n<p style=\"text-align: center;\"><span style=\"color: #ffffff;\">Foglalj sz\u00e1ll\u00e1st n\u00e1lunk, hogy a k\u00f6zponti elhelyezked\u00e9snek k\u00f6sz\u00f6nhet\u0151en k\u00f6nnyen el\u00e9rd a v\u00e1ros l\u00e1tnival\u00f3it<\/span><\/p>\n<p>[\/vc_column_text][stm_spacer height=&#8221;70&#8243; height_tablet=&#8221;60&#8243; height_mobile=&#8221;40&#8243;][\/vc_column_inner][\/vc_row_inner][\/vc_column][\/vc_row][vc_row][vc_column][stm_spacer height=&#8221;70&#8243; height_tablet=&#8221;50&#8243; height_mobile=&#8221;30&#8243;][\/vc_column][\/vc_row][vc_row full_width=&#8221;stretch_row&#8221; stm_parallax=&#8221;enable&#8221; shadow_x_offset=&#8221;0&#8243; shadow_y_offset=&#8221;0&#8243; shadow_blur=&#8221;0&#8243; shadow_spread=&#8221;0&#8243; shadow_color=&#8221;&#8221; css=&#8221;.vc_custom_1583004170361{margin-bottom: -60px !important;background-image: url(https:\/\/kalihost.ro\/wp-content\/uploads\/2020\/02\/500pxdownload.com-104866151.jpg?id=1567) !important;}&#8221; stm_transparent_bg=&#8221;rgba(17,17,17,0.5)&#8221;][vc_column css_animation=&#8221;none&#8221; shadow_x_offset=&#8221;0&#8243; shadow_y_offset=&#8221;0&#8243; shadow_blur=&#8221;0&#8243; shadow_spread=&#8221;0&#8243; shadow_color=&#8221;&#8221; offset=&#8221;vc_col-lg-offset-2 vc_col-lg-8 vc_col-md-offset-2 vc_col-md-8 vc_col-xs-12&#8243;][stm_spacer height=&#8221;180&#8243; height_tablet=&#8221;120&#8243; height_mobile=&#8221;70&#8243;][vc_custom_heading text=&#8221;Sp\u00f3rolj korai foglal\u00e1ssal&#8221; font_container=&#8221;tag:h3|font_size:60|text_align:center|color:%23ffffff|line_height:80px&#8221; use_theme_fonts=&#8221;yes&#8221; css=&#8221;.vc_custom_1583004001175{margin-bottom: 30px !important;}&#8221;][vc_column_text css=&#8221;.vc_custom_1583004145046{margin-bottom: 40px !important;}&#8221;]<\/p>\n<p style=\"text-align: center; font-size: 18px; line-height: 30px; font-weight: normal;\"><span style=\"color: #ffffff;\">Foglalj minimum 3 h\u00f3nappal\u00a0 kor\u00e1bban \u00e9s<br \/>\n15%-al olcs\u00f3bban juthatsz hozz\u00e1 apartmanjainkhoz<\/span><\/p>\n<p>[\/vc_column_text][stm_button button_pos=&#8221;center&#8221; button_border_color_hover=&#8221;#b55b02&#8243; button_bg_color_hover=&#8221;rgba(0,0,0,0.01)&#8221; link=&#8221;url:https%3A%2F%2Fkalihost.ro%2Fen%2Fapartmens%2F|title:Apartmanok||&#8221;][stm_spacer height=&#8221;160&#8243; height_tablet=&#8221;130&#8243; height_mobile=&#8221;70&#8243;][\/vc_column][\/vc_row]<\/p>\n","protected":false},"excerpt":{"rendered":"<p>[vc_row][vc_column][stm_spacer height=&#8221;40&#8243; height_tablet=&#8221;30&#8243; height_mobile=&#8221;20&#8243;][\/vc_column][\/vc_row][vc_row equal_height=&#8221;yes&#8221; content_placement=&#8221;top&#8221; shadow_x_offset=&#8221;0&#8243; shadow_y_offset=&#8221;0&#8243; shadow_blur=&#8221;0&#8243; shadow_spread=&#8221;0&#8243;][vc_column width=&#8221;1\/3&#8243;][vc_custom_heading text=&#8221;Marosv\u00e1s\u00e1rhely&#8221; font_container=&#8221;tag:h2|font_size:40px|text_align:center|line_height:47px&#8221; use_theme_fonts=&#8221;yes&#8221;][\/vc_column][vc_column width=&#8221;2\/3&#8243;][vc_column_text]A sz\u00e9kelys\u00e9g\u00a0m\u0171vel\u0151d\u00e9si,\u00a0ipari,\u00a0kereskedelmi,\u00a0k\u00f6zleked\u00e9si,\u00a0oktat\u00e1si\u00a0\u00e9s szellemi k\u00f6zpontja. Az egykori\u00a0Marossz\u00e9k,\u00a0Maros-Torda v\u00e1rmegye, majd a\u00a0Magyar Auton\u00f3m Tartom\u00e1ny, ma pedig\u00a0Maros megye\u00a0sz\u00e9khelye, a k\u00f6r\u00fcl\u00f6tte l\u00e9trej\u00f6tt\u00a0Marosv\u00e1s\u00e1rhely Metropolisz\u00f6vezet\u00a0k\u00f6zpontja. Lakoss\u00e1g\u00e1t tekintve\u00a0Rom\u00e1nia tizenhatodik,\u00a0Erd\u00e9ly\u00a0hatodik legnagyobb v\u00e1rosa. Itt \u00e9l a legt\u00f6bb\u00a0magyar\u00a0Rom\u00e1ni\u00e1ban; t\u00f6bb, mint\u00a0Kolozsv\u00e1ron. Ezen a vid\u00e9ken m\u00e1r az\u00a0\u0151skorban\u00a0is volt emberi\u00a0telep\u00fcl\u00e9s, ami a\u00a0Maros\u00a0k\u00f6zels\u00e9g\u00e9nek, illetve a dombokon [&hellip;]<\/p>\n","protected":false},"author":1,"featured_media":0,"parent":0,"menu_order":0,"comment_status":"closed","ping_status":"closed","template":"","meta":{"spay_email":"","footnotes":""},"class_list":["post-146","page","type-page","status-publish","hentry"],"_links":{"self":[{"href":"https:\/\/kalihost.ro\/index.php?rest_route=\/wp\/v2\/pages\/146","targetHints":{"allow":["GET"]}}],"collection":[{"href":"https:\/\/kalihost.ro\/index.php?rest_route=\/wp\/v2\/pages"}],"about":[{"href":"https:\/\/kalihost.ro\/index.php?rest_route=\/wp\/v2\/types\/page"}],"author":[{"embeddable":true,"href":"https:\/\/kalihost.ro\/index.php?rest_route=\/wp\/v2\/users\/1"}],"replies":[{"embeddable":true,"href":"https:\/\/kalihost.ro\/index.php?rest_route=%2Fwp%2Fv2%2Fcomments&post=146"}],"version-history":[{"count":0,"href":"https:\/\/kalihost.ro\/index.php?rest_route=\/wp\/v2\/pages\/146\/revisions"}],"wp:attachment":[{"href":"https:\/\/kalihost.ro\/index.php?rest_route=%2Fwp%2Fv2%2Fmedia&parent=146"}],"curies":[{"name":"wp","href":"https:\/\/api.w.org\/{rel}","templated":true}]}}