{"id":1590,"date":"2020-03-02T19:33:14","date_gmt":"2020-03-02T17:33:14","guid":{"rendered":"https:\/\/kalihost.ro\/?page_id=1590"},"modified":"2020-03-02T21:26:30","modified_gmt":"2020-03-02T19:26:30","slug":"szolgaltatasaink","status":"publish","type":"page","link":"https:\/\/kalihost.ro\/?page_id=1590","title":{"rendered":"Szolg\u00e1ltat\u00e1saink"},"content":{"rendered":"<p>[vc_section][vc_row][vc_column][stm_spacer height=&#8221;73&#8243; height_tablet=&#8221;60&#8243; height_mobile=&#8221;40&#8243;][vc_row_inner][vc_column_inner width=&#8221;1\/2&#8243;][vc_single_image image=&#8221;1572&#8243; img_size=&#8221;400&#215;400&#8243; style=&#8221;vc_box_circle_2&#8243;][\/vc_column_inner][vc_column_inner width=&#8221;1\/2&#8243;][vc_custom_heading text=&#8221;Kali Host egy kis Apartman Hotel, amelyben 7 k\u00fcl\u00f6n\u00e1ll\u00f3 apartman tal\u00e1lhat\u00f3.&#8221; font_container=&#8221;tag:h3|font_size:30px|text_align:left|line_height:45px&#8221; use_theme_fonts=&#8221;yes&#8221; css=&#8221;.vc_custom_1582967637610{margin-top: 9px !important;margin-bottom: 27px !important;}&#8221;][vc_column_text css=&#8221;.vc_custom_1582967466121{margin-bottom: 52px !important;}&#8221;]<span style=\"font-weight: 400;\">A teljes lak\u00e1st a vend\u00e9gek rendelkez\u00e9s\u00e9re bocs\u00e1tjuk. Egy minden sz\u00fcks\u00e9gessel felszerelt kis konyha is a vend\u00e9geink rendelkez\u00e9s\u00e9re \u00e1ll. K\u00e1v\u00e9f\u0151z\u0151 \u00e9s v\u00edzmeleg\u00edt\u0151 is haszn\u00e1lhat\u00f3. Te\u00e1t \u00e9s k\u00e1v\u00e9t a vend\u00e9geink rendelkez\u00e9s\u00e9re bocs\u00e1tunk.<\/span>[\/vc_column_text][vc_custom_heading text=&#8221;Biciklik a helysz\u00ednen&#8221; font_container=&#8221;tag:h4|text_align:left&#8221; use_theme_fonts=&#8221;yes&#8221; css=&#8221;.vc_custom_1582967689113{margin-bottom: 26px !important;}&#8221;][vc_column_text]<span style=\"font-weight: 400;\">A sz\u00e1ll\u00e1shelyen \u00faj biciklik b\u00e9relhet\u0151k.\u00a0 Minden lak\u00e1sban k\u00e1v\u00e9 \u00e9s tea k\u00e9sz\u00edt\u00e9s\u00e9re alkalmas g\u00e9p tal\u00e1lhat\u00f3 \u00e9s a te\u00e1t \u00e9s k\u00e1v\u00e9t is biztos\u00edtjuk.<\/span>[\/vc_column_text][\/vc_column_inner][\/vc_row_inner][stm_spacer height=&#8221;59&#8243; height_tablet=&#8221;40&#8243; height_mobile=&#8221;40&#8243;][\/vc_column][\/vc_row][\/vc_section][vc_row full_width=&#8221;stretch_row_content_no_spaces&#8221; shadow_x_offset=&#8221;0&#8243; shadow_y_offset=&#8221;0&#8243; shadow_blur=&#8221;0&#8243; shadow_spread=&#8221;0&#8243; shadow_color=&#8221;&#8221; css=&#8221;.vc_custom_1539247964793{margin-right: 15px !important;margin-left: 12px !important;}&#8221;][vc_column width=&#8221;1\/2&#8243; shadow_x_offset=&#8221;0&#8243; shadow_y_offset=&#8221;0&#8243; shadow_blur=&#8221;0&#8243; shadow_spread=&#8221;0&#8243; shadow_color=&#8221;&#8221; offset=&#8221;vc_col-lg-3 vc_col-md-6 vc_col-xs-12&#8243;][stm_info_box icon=&#8221;stmicon-hotel_restaurant&#8221; icon_size=&#8221;55&#8243; title=&#8221;Felszerelt konyha&#8221; image=&#8221;1398&#8243;]<span style=\"font-weight: 400;\">Egy minden sz\u00fcks\u00e9gessel felszerelt kis konyha is a vend\u00e9geink rendelkez\u00e9s\u00e9re \u00e1ll. K\u00e1v\u00e9f\u0151z\u0151 \u00e9s v\u00edzmeleg\u00edt\u0151 is haszn\u00e1lhat\u00f3.<\/span>[\/stm_info_box][\/vc_column][vc_column width=&#8221;1\/2&#8243; shadow_x_offset=&#8221;0&#8243; shadow_y_offset=&#8221;0&#8243; shadow_blur=&#8221;0&#8243; shadow_spread=&#8221;0&#8243; shadow_color=&#8221;&#8221; offset=&#8221;vc_col-lg-3 vc_col-md-6 vc_col-xs-12&#8243;][stm_info_box icon=&#8221;stmicon-directions_bike&#8221; icon_size=&#8221;50&#8243; title=&#8221;Bicikli b\u00e9rl\u00e9s&#8221; image=&#8221;1401&#8243;]<span style=\"font-weight: 400;\">A sz\u00e1ll\u00e1shelyen \u00faj biciklik b\u00e9relhet\u0151k.<\/span>[\/stm_info_box][\/vc_column][vc_column width=&#8221;1\/2&#8243; shadow_x_offset=&#8221;0&#8243; shadow_y_offset=&#8221;0&#8243; shadow_blur=&#8221;0&#8243; shadow_spread=&#8221;0&#8243; shadow_color=&#8221;&#8221; offset=&#8221;vc_col-lg-3 vc_col-md-6 vc_col-xs-12&#8243;][stm_info_box icon=&#8221;fa fa-coffee&#8221; icon_size=&#8221;43&#8243; title=&#8221;K\u00e1v\u00e9 \u00e9s tea&#8221; image=&#8221;1372&#8243;]<span style=\"font-weight: 400;\">Minden lak\u00e1sban k\u00e1v\u00e9 \u00e9s tea k\u00e9sz\u00edt\u00e9s\u00e9re alkalmas g\u00e9p tal\u00e1lhat\u00f3 \u00e9s a te\u00e1t \u00e9s k\u00e1v\u00e9t is biztos\u00edtjuk.<\/span>[\/stm_info_box][\/vc_column][vc_column width=&#8221;1\/2&#8243; shadow_x_offset=&#8221;0&#8243; shadow_y_offset=&#8221;0&#8243; shadow_blur=&#8221;0&#8243; shadow_spread=&#8221;0&#8243; shadow_color=&#8221;&#8221; offset=&#8221;vc_col-lg-3 vc_col-md-6 vc_col-xs-12&#8243;][stm_info_box icon=&#8221;stmicon-toiletries1&#8243; icon_size=&#8221;55&#8243; title=&#8221;Felszerelt f\u00fcrd\u0151szoba&#8221; image=&#8221;1383&#8243;][\/stm_info_box][\/vc_column][\/vc_row][vc_section][vc_row][vc_column][stm_spacer height=&#8221;119&#8243; height_tablet=&#8221;100&#8243; height_mobile=&#8221;80&#8243;][vc_custom_heading text=&#8221;AMIT K\u00cdN\u00c1LUNK&#8221; font_container=&#8221;tag:h2|font_size:35px|text_align:center|line_height:60px&#8221; use_theme_fonts=&#8221;yes&#8221; heading_icon=&#8221;stmicon-haircut&#8221;][stm_spacer height=&#8221;70&#8243; height_tablet=&#8221;50&#8243; height_mobile=&#8221;30&#8243;][\/vc_column][\/vc_row][vc_row][vc_column width=&#8221;1\/4&#8243;][stm_icon_box title_tag=&#8221;H6&#8243; icon=&#8221;stmicon-person_pin_circle&#8221; content_pos=&#8221;center&#8221; icon_pos=&#8221;center&#8221; icon_class=&#8221;ttc&#8221; icon_height=&#8221;80&#8243; icon_width=&#8221;170&#8243; title=&#8221;K\u00d6ZPONTI ELHELYEZKED\u00c9S&#8221;][\/stm_icon_box][stm_spacer height=&#8221;100&#8243; height_tablet=&#8221;70&#8243; height_mobile=&#8221;40&#8243;][\/vc_column][vc_column width=&#8221;1\/4&#8243;][stm_icon_box title_tag=&#8221;H6&#8243; icon=&#8221;fa fa-bicycle&#8221; content_pos=&#8221;center&#8221; icon_pos=&#8221;center&#8221; icon_class=&#8221;ttc&#8221; icon_size=&#8221;75&#8243; icon_height=&#8221;80&#8243; icon_width=&#8221;170&#8243; title=&#8221;BICIKLI B\u00c9RL\u00c9S&#8221;][\/stm_icon_box][stm_spacer height=&#8221;100&#8243; height_tablet=&#8221;70&#8243; height_mobile=&#8221;40&#8243;][\/vc_column][vc_column width=&#8221;1\/4&#8243;][stm_icon_box title_tag=&#8221;H6&#8243; icon=&#8221;stmicon-local_parking&#8221; content_pos=&#8221;center&#8221; icon_pos=&#8221;center&#8221; icon_class=&#8221;ttc&#8221; icon_height=&#8221;80&#8243; icon_width=&#8221;170&#8243; title=&#8221;PARKOL\u00c1SI LEHET\u0150S\u00c9G&#8221;][\/stm_icon_box][stm_spacer height=&#8221;100&#8243; height_tablet=&#8221;70&#8243; height_mobile=&#8221;40&#8243;][\/vc_column][vc_column width=&#8221;1\/4&#8243;][stm_icon_box title_tag=&#8221;H6&#8243; icon=&#8221;fa fa-bus&#8221; content_pos=&#8221;center&#8221; icon_pos=&#8221;center&#8221; icon_class=&#8221;ttc&#8221; icon_height=&#8221;80&#8243; icon_width=&#8221;170&#8243; title=&#8221;BUSZMEG\u00c1LL\u00d3&#8221;][\/stm_icon_box][\/vc_column][\/vc_row][vc_row][vc_column width=&#8221;1\/4&#8243;][stm_icon_box title_tag=&#8221;H6&#8243; icon=&#8221;stmicon-cable_tv&#8221; content_pos=&#8221;center&#8221; icon_pos=&#8221;center&#8221; icon_class=&#8221;ttc&#8221; icon_height=&#8221;76&#8243; icon_width=&#8221;170&#8243; title=&#8221;TELEV\u00cdZI\u00d3&#8221;][\/stm_icon_box][\/vc_column][vc_column width=&#8221;1\/4&#8243;][stm_icon_box title_tag=&#8221;H6&#8243; icon=&#8221;stmicon-wifi-1&#8243; content_pos=&#8221;center&#8221; icon_pos=&#8221;center&#8221; icon_class=&#8221;ttc&#8221; icon_size=&#8221;75&#8243; icon_height=&#8221;80&#8243; icon_width=&#8221;170&#8243; title=&#8221;INTERNET&#8221;][\/stm_icon_box][stm_spacer height=&#8221;100&#8243; height_tablet=&#8221;70&#8243; height_mobile=&#8221;40&#8243;][\/vc_column][vc_column width=&#8221;1\/4&#8243;][stm_icon_box title_tag=&#8221;H6&#8243; icon=&#8221;stmicon-hotel_restaurant&#8221; content_pos=&#8221;center&#8221; icon_pos=&#8221;center&#8221; icon_class=&#8221;ttc&#8221; icon_height=&#8221;80&#8243; icon_width=&#8221;170&#8243; title=&#8221;FELSZERELT KONYHA&#8221;][\/stm_icon_box][stm_spacer height=&#8221;100&#8243; height_tablet=&#8221;70&#8243; height_mobile=&#8221;40&#8243;][\/vc_column][vc_column width=&#8221;1\/4&#8243;][stm_icon_box title_tag=&#8221;H6&#8243; icon=&#8221;stmicon-hotel-breakfast2&#8243; content_pos=&#8221;center&#8221; icon_pos=&#8221;center&#8221; icon_class=&#8221;ttc&#8221; icon_height=&#8221;80&#8243; icon_width=&#8221;170&#8243; title=&#8221;K\u00c1V\u00c9 \u00c9S TEA&#8221;][\/stm_icon_box][\/vc_column][\/vc_row][vc_row][vc_column width=&#8221;1\/4&#8243;][\/vc_column][vc_column width=&#8221;1\/4&#8243;][stm_icon_box title_tag=&#8221;H6&#8243; icon=&#8221;stmicon-hotel_bathtub&#8221; content_pos=&#8221;center&#8221; icon_pos=&#8221;center&#8221; icon_class=&#8221;ttc&#8221; icon_size=&#8221;75&#8243; icon_height=&#8221;80&#8243; icon_width=&#8221;170&#8243; title=&#8221;FELSZERELT F\u00dcRD\u0150SZOBA&#8221;][\/stm_icon_box][stm_spacer height=&#8221;100&#8243; height_tablet=&#8221;70&#8243; height_mobile=&#8221;40&#8243;][\/vc_column][vc_column width=&#8221;1\/4&#8243;][stm_icon_box title_tag=&#8221;H6&#8243; icon=&#8221;stmicon-laundry-service&#8221; content_pos=&#8221;center&#8221; icon_pos=&#8221;center&#8221; icon_class=&#8221;ttc&#8221; icon_height=&#8221;80&#8243; icon_width=&#8221;170&#8243; title=&#8221;MOS\u00d3G\u00c9P&#8221;][\/stm_icon_box][stm_spacer height=&#8221;100&#8243; height_tablet=&#8221;70&#8243; height_mobile=&#8221;40&#8243;][\/vc_column][vc_column width=&#8221;1\/4&#8243;][\/vc_column][\/vc_row][vc_row][vc_column][stm_spacer height=&#8221;80&#8243; height_tablet=&#8221;60&#8243; height_mobile=&#8221;40&#8243;][\/vc_column][\/vc_row][\/vc_section]<\/p>\n","protected":false},"excerpt":{"rendered":"<p>[vc_section][vc_row][vc_column][stm_spacer height=&#8221;73&#8243; height_tablet=&#8221;60&#8243; height_mobile=&#8221;40&#8243;][vc_row_inner][vc_column_inner width=&#8221;1\/2&#8243;][vc_single_image image=&#8221;1572&#8243; img_size=&#8221;400&#215;400&#8243; style=&#8221;vc_box_circle_2&#8243;][\/vc_column_inner][vc_column_inner width=&#8221;1\/2&#8243;][vc_custom_heading text=&#8221;Kali Host egy kis Apartman Hotel, amelyben 7 k\u00fcl\u00f6n\u00e1ll\u00f3 apartman tal\u00e1lhat\u00f3.&#8221; font_container=&#8221;tag:h3|font_size:30px|text_align:left|line_height:45px&#8221; use_theme_fonts=&#8221;yes&#8221; css=&#8221;.vc_custom_1582967637610{margin-top: 9px !important;margin-bottom: 27px !important;}&#8221;][vc_column_text css=&#8221;.vc_custom_1582967466121{margin-bottom: 52px !important;}&#8221;]A teljes lak\u00e1st a vend\u00e9gek rendelkez\u00e9s\u00e9re bocs\u00e1tjuk. Egy minden sz\u00fcks\u00e9gessel felszerelt kis konyha is a vend\u00e9geink rendelkez\u00e9s\u00e9re \u00e1ll. K\u00e1v\u00e9f\u0151z\u0151 \u00e9s v\u00edzmeleg\u00edt\u0151 is haszn\u00e1lhat\u00f3. Te\u00e1t \u00e9s k\u00e1v\u00e9t [&hellip;]<\/p>\n","protected":false},"author":1,"featured_media":0,"parent":0,"menu_order":0,"comment_status":"closed","ping_status":"closed","template":"","meta":{"spay_email":"","footnotes":""},"class_list":["post-1590","page","type-page","status-publish","hentry"],"_links":{"self":[{"href":"https:\/\/kalihost.ro\/index.php?rest_route=\/wp\/v2\/pages\/1590","targetHints":{"allow":["GET"]}}],"collection":[{"href":"https:\/\/kalihost.ro\/index.php?rest_route=\/wp\/v2\/pages"}],"about":[{"href":"https:\/\/kalihost.ro\/index.php?rest_route=\/wp\/v2\/types\/page"}],"author":[{"embeddable":true,"href":"https:\/\/kalihost.ro\/index.php?rest_route=\/wp\/v2\/users\/1"}],"replies":[{"embeddable":true,"href":"https:\/\/kalihost.ro\/index.php?rest_route=%2Fwp%2Fv2%2Fcomments&post=1590"}],"version-history":[{"count":0,"href":"https:\/\/kalihost.ro\/index.php?rest_route=\/wp\/v2\/pages\/1590\/revisions"}],"wp:attachment":[{"href":"https:\/\/kalihost.ro\/index.php?rest_route=%2Fwp%2Fv2%2Fmedia&parent=1590"}],"curies":[{"name":"wp","href":"https:\/\/api.w.org\/{rel}","templated":true}]}}