{"id":1596,"date":"2020-03-01T18:56:34","date_gmt":"2020-03-01T16:56:34","guid":{"rendered":"https:\/\/kalihost.ro\/?page_id=1596"},"modified":"2020-04-01T11:34:15","modified_gmt":"2020-04-01T09:34:15","slug":"touristattractions","status":"publish","type":"page","link":"https:\/\/kalihost.ro\/?page_id=1596&lang=en","title":{"rendered":"Tourist attrations"},"content":{"rendered":"<p>[vc_row][vc_column][stm_spacer height=&#8221;40&#8243; height_tablet=&#8221;30&#8243; height_mobile=&#8221;20&#8243;][\/vc_column][\/vc_row][vc_row equal_height=&#8221;yes&#8221; content_placement=&#8221;top&#8221; shadow_x_offset=&#8221;0&#8243; shadow_y_offset=&#8221;0&#8243; shadow_blur=&#8221;0&#8243; shadow_spread=&#8221;0&#8243;][vc_column width=&#8221;1\/3&#8243;][vc_custom_heading text=&#8221;T\u00e2rgu Mure\u0219&#8221; font_container=&#8221;tag:h2|font_size:40px|text_align:center|line_height:47px&#8221; use_theme_fonts=&#8221;yes&#8221;][\/vc_column][vc_column width=&#8221;2\/3&#8243;][vc_column_text]The city is located in the Mure\u0219 River valley. The current Romanian name of the city, T\u00e2rgu Mure\u0219, is the equivalent with the Hungarian Marosv\u00e1s\u00e1rhely, both meaning &#8222;market on the Mure\u0219 (Maros) river&#8221;.<\/p>\n<p>The first known recorded documentation of the city dates to 1332. It is mentioned in the papal registry under the Latin name Novum Forum Siculorum meaning New Szekler Marketplace, and under the Hungarian name Sekulvasarhel (Sz\u00e9kelyv\u00e1s\u00e1rhely) meaning Szekler Marketplace in 1349.[\/vc_column_text][\/vc_column][\/vc_row][vc_row][vc_column][stm_spacer height=&#8221;80&#8243; height_tablet=&#8221;50&#8243; height_mobile=&#8221;30&#8243;][\/vc_column][\/vc_row][vc_row][vc_column width=&#8221;1\/3&#8243;][vc_single_image image=&#8221;1562&#8243; img_size=&#8221;370&#215;450&#8243; alignment=&#8221;center&#8221; onclick=&#8221;link_image&#8221; css_animation=&#8221;none&#8221;][stm_spacer height=&#8221;30&#8243; height_tablet=&#8221;20&#8243; height_mobile=&#8221;10&#8243;][\/vc_column][vc_column width=&#8221;1\/3&#8243;][vc_single_image image=&#8221;1563&#8243; img_size=&#8221;370&#215;450&#8243; alignment=&#8221;center&#8221; onclick=&#8221;link_image&#8221;][stm_spacer height=&#8221;30&#8243; height_tablet=&#8221;20&#8243; height_mobile=&#8221;10&#8243;][\/vc_column][vc_column width=&#8221;1\/3&#8243;][vc_single_image image=&#8221;1564&#8243; img_size=&#8221;370&#215;450&#8243; alignment=&#8221;center&#8221; onclick=&#8221;link_image&#8221;][stm_spacer height=&#8221;30&#8243; height_tablet=&#8221;20&#8243; height_mobile=&#8221;10&#8243;][\/vc_column][\/vc_row][vc_row][vc_column][stm_spacer height=&#8221;20&#8243; height_tablet=&#8221;20&#8243; height_mobile=&#8221;10&#8243;][\/vc_column][\/vc_row][vc_row shadow_x_offset=&#8221;0&#8243; shadow_y_offset=&#8221;0&#8243; shadow_blur=&#8221;0&#8243; shadow_spread=&#8221;0&#8243;][vc_column width=&#8221;2\/3&#8243;][vc_tta_accordion c_icon=&#8221;chevron&#8221; c_position=&#8221;right&#8221; active_section=&#8221;1&#8243;][vc_tta_section title=&#8221;Palace of Coulture&#8221; tab_id=&#8221;1538132636712-264a5877-6fed&#8221;][vc_column_text]This ornate secessionist-style building, ostentatiously tiled on the outside and colourfully furnished within, is unlike anything else in Transylvania. Built 1911\u201313, the Palace of Coulture harbours busts and glass portraits of composers, glinting chandeliers, Carrara marble stairways, mirrors imported from Venice, a regally decorated concert hall, and display rooms on local history and art (all included in the entry price). The undisputed highlight is the Hall of Mirrors (Sala Oglinzi), where Sz\u00e9kely village life and dark fairy-tales are immortalised in stained glass.[\/vc_column_text][\/vc_tta_section][vc_tta_section title=&#8221;Ascension of the Lord Cathedral&#8221; tab_id=&#8221;1538132636518-c530006e-2eda&#8221;][vc_column_text]The Ascension of the Lord Cathedral is a Romanian Orthodox cathedral in T\u00e2rgu Mure\u015f. It was built between 1925 and 1934 on the initiative of Archpriest \u015etefan Rusu. As the seat of an archpriest and not a bishop, it is a church and not technically a cathedral, but is commonly referred to as such.<\/p>\n<p>The Cathedral&#8217;s cornerstone was laid on May 10, 1925, an event witnessed by, among others, the Minister of Religious Affairs, Alexandru Lapedatu, Bishop Nicolae Ivan, and Octavian Goga, who was a government minister at the time.<\/p>\n<p>The cathedral was built according to the plans of architect Victor Vlad of the Polytechnic University of Timi\u0219oara, in the form of a Greek cross.[\/vc_column_text][\/vc_tta_section][vc_tta_section title=&#8221;Teleky Library&#8221; tab_id=&#8221;1538132622962-d4599275-36ec&#8221;][vc_column_text]The Teleki Library (Hungarian: Teleki T\u00e9ka, Romanian: Biblioteca Teleki-Bolyai), also known as Teleki-Bolyai Library and Bibliotheca Telekiana, is a historic public library and current museum in T\u00e2rgu-Mure\u015f. One of the richest Transylvanian collections of cultural artefacts, it was founded by the Hungarian Count S\u00e1muel Teleki in 1802, at the time when Transylvania was part of the Habsburg Monarchy, and has been open to the reading public ever since. It was among the first institutions of its kind in the Kingdom of Hungary.<\/p>\n<p>It houses over 200,000 volumes, of which many are rarities, constituting a comprehensive scientific database. The book collection is divided into several smaller libraries, of which the two main donations are the original 40,000-volume Teleki Library and the 80,000-volume Bolyai Library; the rest, grouped as the Miscellaneous Collection, is made up of several private libraries, volumes previously held by religious schools and those of a Franciscan monastery. Overall, the library constitutes a collection of most traditional types of Transylvanian book.[\/vc_column_text][\/vc_tta_section][vc_tta_section title=&#8221;Medieval Fortress&#8221; tab_id=&#8221;1538129643112-19237441-374a&#8221;][vc_column_text]The Medieval Fortress is located in the city center, just 10 minutes from our apartments. The fortress consists in a construction fortified with 7 bastions joined with walls.<\/p>\n<p>The medieval fortress was rebuilt on the ruins of a fortress destroyed in 1601. Currently, the fortress is restored after an extensive process that lasted over 5 years.\u00a0\u00a0In Medieval Fortress were discovered, among other things, traces of the country\u2019s first brick and bronze factory, which means that the fortress was among the first industrialized fortifications in Romania.<\/p>\n<p>Over time it hosted many cultural events, which has become a tradition.[\/vc_column_text][\/vc_tta_section][vc_tta_section title=&#8221;Cornesti Plateau &#038; Zoo&#8221; tab_id=&#8221;1538129642517-40860cd0-aae9&#8243;][vc_column_text]The zoo is located on the highest altitudine of the city on Cornesti Plateau, where you can admire the panoramic view of the river Mures and Tirgu Mures city. The zoo is one of the most important attractions for locals and tourists.\u00a0Currently, the zoo has about 500 animals \u2013 local fauna and exotic.[\/vc_column_text][\/vc_tta_section][\/vc_tta_accordion][\/vc_column][vc_column width=&#8221;1\/3&#8243; shadow_x_offset=&#8221;0&#8243; shadow_y_offset=&#8221;0&#8243; shadow_blur=&#8221;0&#8243; shadow_spread=&#8221;0&#8243; shadow_color=&#8221;&#8221;][vc_row_inner css=&#8221;.vc_custom_1583003629870{margin-right: 0px !important;margin-left: 0px !important;background-image: url(https:\/\/kalihost.ro\/wp-content\/uploads\/2020\/02\/500pxdownload.com-111058125.jpg?id=1565) !important;background-position: center !important;background-repeat: no-repeat !important;background-size: cover !important;}&#8221;][vc_column_inner][stm_spacer height=&#8221;84&#8243; height_tablet=&#8221;60&#8243; height_mobile=&#8221;40&#8243;][stm_icon icon_color=&#8221;custom&#8221; icon_align=&#8221;center&#8221; height=&#8221;80&#8243; icon=&#8221;stmicon-maps-and-flags&#8221; icon_custom_color=&#8221;#ffffff&#8221;][stm_spacer height=&#8221;20&#8243; height_tablet=&#8221;20&#8243; height_mobile=&#8221;10&#8243;][vc_custom_heading text=&#8221;T\u00e2rgu Mure\u0219&#8221; font_container=&#8221;tag:h3|text_align:center|color:%23ffffff&#8221; use_theme_fonts=&#8221;yes&#8221;][stm_spacer height=&#8221;10&#8243; height_tablet=&#8221;10&#8243; height_mobile=&#8221;10&#8243;][vc_column_text css=&#8221;.vc_custom_1583173218850{padding-right: 10% !important;padding-left: 10% !important;}&#8221;]<\/p>\n<p style=\"text-align: center;\"><span style=\"color: white;\">Book apartments at us to be close to the important tourist attractions.<\/span><\/p>\n<p>[\/vc_column_text][stm_spacer height=&#8221;70&#8243; height_tablet=&#8221;60&#8243; height_mobile=&#8221;40&#8243;][\/vc_column_inner][\/vc_row_inner][\/vc_column][\/vc_row][vc_row][vc_column][stm_spacer height=&#8221;70&#8243; height_tablet=&#8221;50&#8243; height_mobile=&#8221;30&#8243;][\/vc_column][\/vc_row][vc_row full_width=&#8221;stretch_row&#8221; stm_parallax=&#8221;enable&#8221; shadow_x_offset=&#8221;0&#8243; shadow_y_offset=&#8221;0&#8243; shadow_blur=&#8221;0&#8243; shadow_spread=&#8221;0&#8243; shadow_color=&#8221;&#8221; css=&#8221;.vc_custom_1583004170361{margin-bottom: -60px !important;background-image: url(https:\/\/kalihost.ro\/wp-content\/uploads\/2020\/02\/500pxdownload.com-104866151.jpg?id=1567) !important;}&#8221; stm_transparent_bg=&#8221;rgba(17,17,17,0.5)&#8221;][vc_column css_animation=&#8221;none&#8221; shadow_x_offset=&#8221;0&#8243; shadow_y_offset=&#8221;0&#8243; shadow_blur=&#8221;0&#8243; shadow_spread=&#8221;0&#8243; shadow_color=&#8221;&#8221; offset=&#8221;vc_col-lg-offset-2 vc_col-lg-8 vc_col-md-offset-2 vc_col-md-8 vc_col-xs-12&#8243;][stm_spacer height=&#8221;180&#8243; height_tablet=&#8221;120&#8243; height_mobile=&#8221;70&#8243;][vc_custom_heading text=&#8221;BOOK EARLY AND SAVE&#8221; font_container=&#8221;tag:h3|font_size:60|text_align:center|color:%23ffffff|line_height:80px&#8221; use_theme_fonts=&#8221;yes&#8221; css=&#8221;.vc_custom_1583172903718{margin-bottom: 30px !important;}&#8221;][vc_column_text css=&#8221;.vc_custom_1583172971851{margin-bottom: 20px !important;padding-bottom: 5px !important;}&#8221;]<\/p>\n<p style=\"text-align: center;\"><span style=\"color: #ffffff;\">Book any of our apartments three months earlier to receive 15% discount.\u00a0<\/span><\/p>\n<p>[\/vc_column_text][stm_button button_pos=&#8221;center&#8221; button_border_color_hover=&#8221;#b55b02&#8243; button_bg_color_hover=&#8221;rgba(0,0,0,0.01)&#8221; link=&#8221;url:https%3A%2F%2Fkalihost.ro%2Fen%2Fapartmens%2F|title:BOOK%20EARLIER||&#8221;][stm_spacer height=&#8221;160&#8243; height_tablet=&#8221;130&#8243; height_mobile=&#8221;70&#8243;][\/vc_column][\/vc_row]<\/p>\n","protected":false},"excerpt":{"rendered":"<p>[vc_row][vc_column][stm_spacer height=&#8221;40&#8243; height_tablet=&#8221;30&#8243; height_mobile=&#8221;20&#8243;][\/vc_column][\/vc_row][vc_row equal_height=&#8221;yes&#8221; content_placement=&#8221;top&#8221; shadow_x_offset=&#8221;0&#8243; shadow_y_offset=&#8221;0&#8243; shadow_blur=&#8221;0&#8243; shadow_spread=&#8221;0&#8243;][vc_column width=&#8221;1\/3&#8243;][vc_custom_heading text=&#8221;T\u00e2rgu Mure\u0219&#8221; font_container=&#8221;tag:h2|font_size:40px|text_align:center|line_height:47px&#8221; use_theme_fonts=&#8221;yes&#8221;][\/vc_column][vc_column width=&#8221;2\/3&#8243;][vc_column_text]The city is located in the Mure\u0219 River valley. The current Romanian name of the city, T\u00e2rgu Mure\u0219, is the equivalent with the Hungarian Marosv\u00e1s\u00e1rhely, both meaning &#8222;market on the Mure\u0219 (Maros) river&#8221;. The first known recorded documentation of the [&hellip;]<\/p>\n","protected":false},"author":1,"featured_media":0,"parent":0,"menu_order":0,"comment_status":"closed","ping_status":"closed","template":"","meta":{"spay_email":"","footnotes":""},"class_list":["post-1596","page","type-page","status-publish","hentry"],"_links":{"self":[{"href":"https:\/\/kalihost.ro\/index.php?rest_route=\/wp\/v2\/pages\/1596","targetHints":{"allow":["GET"]}}],"collection":[{"href":"https:\/\/kalihost.ro\/index.php?rest_route=\/wp\/v2\/pages"}],"about":[{"href":"https:\/\/kalihost.ro\/index.php?rest_route=\/wp\/v2\/types\/page"}],"author":[{"embeddable":true,"href":"https:\/\/kalihost.ro\/index.php?rest_route=\/wp\/v2\/users\/1"}],"replies":[{"embeddable":true,"href":"https:\/\/kalihost.ro\/index.php?rest_route=%2Fwp%2Fv2%2Fcomments&post=1596"}],"version-history":[{"count":0,"href":"https:\/\/kalihost.ro\/index.php?rest_route=\/wp\/v2\/pages\/1596\/revisions"}],"wp:attachment":[{"href":"https:\/\/kalihost.ro\/index.php?rest_route=%2Fwp%2Fv2%2Fmedia&parent=1596"}],"curies":[{"name":"wp","href":"https:\/\/api.w.org\/{rel}","templated":true}]}}