{"id":1647,"date":"2020-03-02T19:33:14","date_gmt":"2020-03-02T17:33:14","guid":{"rendered":"https:\/\/kalihost.ro\/?page_id=1647"},"modified":"2020-04-05T16:24:01","modified_gmt":"2020-04-05T14:24:01","slug":"servicii","status":"publish","type":"page","link":"https:\/\/kalihost.ro\/?page_id=1647&lang=ro","title":{"rendered":"Servicii"},"content":{"rendered":"<p>[vc_section][vc_row][vc_column][stm_spacer height=&#8221;73&#8243; height_tablet=&#8221;60&#8243; height_mobile=&#8221;40&#8243;][vc_row_inner][vc_column_inner width=&#8221;1\/2&#8243;][vc_single_image image=&#8221;1572&#8243; img_size=&#8221;400&#215;400&#8243; style=&#8221;vc_box_circle_2&#8243;][\/vc_column_inner][vc_column_inner width=&#8221;1\/2&#8243;][vc_custom_heading text=&#8221;Kali Host Home Away From Home este un Apartament Hotel situat in centrul ora\u0219ului compus din 7 apartamente.&#8221; font_container=&#8221;tag:h3|font_size:30px|text_align:left|line_height:45px&#8221; use_theme_fonts=&#8221;yes&#8221; css=&#8221;.vc_custom_1585742080904{margin-top: 9px !important;margin-bottom: 27px !important;}&#8221;][vc_column_text css=&#8221;.vc_custom_1586096623057{margin-bottom: 52px !important;}&#8221;]Tot apartamentul poate fi folosit de oaspe\u021bii no\u0219tri. Se poate prepara m\u00e2nc\u0103ruri, cafea \u0219i ceai pe care punem la dispozi\u021bia clien\u021bilor no\u0219tri.[\/vc_column_text][vc_custom_heading text=&#8221;\u00cenchirie biciclete&#8221; font_container=&#8221;tag:h4|text_align:left&#8221; use_theme_fonts=&#8221;yes&#8221; css=&#8221;.vc_custom_1585742220054{margin-bottom: 26px !important;}&#8221;][vc_column_text]Pute\u021bi \u00eenchiria biciclete noi pentru city tour.[\/vc_column_text][\/vc_column_inner][\/vc_row_inner][stm_spacer height=&#8221;59&#8243; height_tablet=&#8221;40&#8243; height_mobile=&#8221;40&#8243;][\/vc_column][\/vc_row][\/vc_section][vc_row full_width=&#8221;stretch_row_content_no_spaces&#8221; shadow_x_offset=&#8221;0&#8243; shadow_y_offset=&#8221;0&#8243; shadow_blur=&#8221;0&#8243; shadow_spread=&#8221;0&#8243; shadow_color=&#8221;&#8221; css=&#8221;.vc_custom_1539247964793{margin-right: 15px !important;margin-left: 12px !important;}&#8221;][vc_column width=&#8221;1\/2&#8243; shadow_x_offset=&#8221;0&#8243; shadow_y_offset=&#8221;0&#8243; shadow_blur=&#8221;0&#8243; shadow_spread=&#8221;0&#8243; shadow_color=&#8221;&#8221; offset=&#8221;vc_col-lg-3 vc_col-md-6 vc_col-xs-12&#8243;][stm_info_box icon=&#8221;stmicon-hotel_restaurant&#8221; icon_size=&#8221;55&#8243; title=&#8221;Buc\u0103t\u0103rie echipat\u0103&#8221; image=&#8221;1398&#8243;]Se poate prepara m\u00e2nc\u0103ruri, cafea \u0219i ceai pe care punem la dispozi\u021bia clien\u021bilor no\u0219tri.[\/stm_info_box][\/vc_column][vc_column width=&#8221;1\/2&#8243; shadow_x_offset=&#8221;0&#8243; shadow_y_offset=&#8221;0&#8243; shadow_blur=&#8221;0&#8243; shadow_spread=&#8221;0&#8243; shadow_color=&#8221;&#8221; offset=&#8221;vc_col-lg-3 vc_col-md-6 vc_col-xs-12&#8243;][stm_info_box icon=&#8221;stmicon-directions_bike&#8221; icon_size=&#8221;50&#8243; title=&#8221;\u00cenchirie biciclete&#8221; image=&#8221;1401&#8243;]Pute\u021bi \u00eenchiria biciclete noi\u00a0 pentru city tour.[\/stm_info_box][\/vc_column][vc_column width=&#8221;1\/2&#8243; shadow_x_offset=&#8221;0&#8243; shadow_y_offset=&#8221;0&#8243; shadow_blur=&#8221;0&#8243; shadow_spread=&#8221;0&#8243; shadow_color=&#8221;&#8221; offset=&#8221;vc_col-lg-3 vc_col-md-6 vc_col-xs-12&#8243;][stm_info_box icon=&#8221;fa fa-coffee&#8221; icon_size=&#8221;43&#8243; title=&#8221;Cafea \u0219i ceai&#8221; image=&#8221;1372&#8243;]Sunt aparate de f\u0103cut cafea \u00een fiecare apartament \u0219i punem la dispozi\u021bia dumneavoastr\u0103 \u0219i cafeaua \u0219i ceaiul.[\/stm_info_box][\/vc_column][vc_column width=&#8221;1\/2&#8243; shadow_x_offset=&#8221;0&#8243; shadow_y_offset=&#8221;0&#8243; shadow_blur=&#8221;0&#8243; shadow_spread=&#8221;0&#8243; shadow_color=&#8221;&#8221; offset=&#8221;vc_col-lg-3 vc_col-md-6 vc_col-xs-12&#8243;][stm_info_box icon=&#8221;stmicon-toiletries1&#8243; icon_size=&#8221;55&#8243; title=&#8221;Baie echipat\u0103&#8221; image=&#8221;1383&#8243;][\/stm_info_box][\/vc_column][\/vc_row][vc_section][vc_row][vc_column][stm_spacer height=&#8221;119&#8243; height_tablet=&#8221;100&#8243; height_mobile=&#8221;80&#8243;][vc_custom_heading text=&#8221;Alege-ne&#8221; font_container=&#8221;tag:h2|font_size:35px|text_align:center|line_height:60px&#8221; use_theme_fonts=&#8221;yes&#8221; heading_icon=&#8221;stmicon-haircut&#8221;][stm_spacer height=&#8221;70&#8243; height_tablet=&#8221;50&#8243; height_mobile=&#8221;30&#8243;][\/vc_column][\/vc_row][vc_row][vc_column width=&#8221;1\/4&#8243;][stm_icon_box title_tag=&#8221;H6&#8243; icon=&#8221;stmicon-person_pin_circle&#8221; content_pos=&#8221;center&#8221; icon_pos=&#8221;center&#8221; icon_class=&#8221;ttc&#8221; icon_height=&#8221;80&#8243; icon_width=&#8221;170&#8243; title=&#8221;LOCA\u021aIE CENTRAL\u0102&#8221;][\/stm_icon_box][stm_spacer height=&#8221;100&#8243; height_tablet=&#8221;70&#8243; height_mobile=&#8221;40&#8243;][\/vc_column][vc_column width=&#8221;1\/4&#8243;][stm_icon_box title_tag=&#8221;H6&#8243; icon=&#8221;fa fa-bicycle&#8221; content_pos=&#8221;center&#8221; icon_pos=&#8221;center&#8221; icon_class=&#8221;ttc&#8221; icon_size=&#8221;75&#8243; icon_height=&#8221;80&#8243; icon_width=&#8221;170&#8243; title=&#8221;\u00ceNCHIRIE BICICLETE&#8221;][\/stm_icon_box][stm_spacer height=&#8221;100&#8243; height_tablet=&#8221;70&#8243; height_mobile=&#8221;40&#8243;][\/vc_column][vc_column width=&#8221;1\/4&#8243;][stm_icon_box title_tag=&#8221;H6&#8243; icon=&#8221;stmicon-local_parking&#8221; content_pos=&#8221;center&#8221; icon_pos=&#8221;center&#8221; icon_class=&#8221;ttc&#8221; icon_height=&#8221;80&#8243; icon_width=&#8221;170&#8243; title=&#8221;PARCARE&#8221;][\/stm_icon_box][stm_spacer height=&#8221;100&#8243; height_tablet=&#8221;70&#8243; height_mobile=&#8221;40&#8243;][\/vc_column][vc_column width=&#8221;1\/4&#8243;][stm_icon_box title_tag=&#8221;H6&#8243; icon=&#8221;fa fa-bus&#8221; content_pos=&#8221;center&#8221; icon_pos=&#8221;center&#8221; icon_class=&#8221;ttc&#8221; icon_height=&#8221;80&#8243; icon_width=&#8221;170&#8243; title=&#8221;STA\u021aIE DE AUTOBUZ&#8221;][\/stm_icon_box][\/vc_column][\/vc_row][vc_row][vc_column width=&#8221;1\/4&#8243;][stm_icon_box title_tag=&#8221;H6&#8243; icon=&#8221;stmicon-cable_tv&#8221; content_pos=&#8221;center&#8221; icon_pos=&#8221;center&#8221; icon_class=&#8221;ttc&#8221; icon_height=&#8221;76&#8243; icon_width=&#8221;170&#8243; title=&#8221;TELEVIZIUNE&#8221;][\/stm_icon_box][\/vc_column][vc_column width=&#8221;1\/4&#8243;][stm_icon_box title_tag=&#8221;H6&#8243; icon=&#8221;stmicon-wifi-1&#8243; content_pos=&#8221;center&#8221; icon_pos=&#8221;center&#8221; icon_class=&#8221;ttc&#8221; icon_size=&#8221;75&#8243; icon_height=&#8221;80&#8243; icon_width=&#8221;170&#8243; title=&#8221;INTERNET&#8221;][\/stm_icon_box][stm_spacer height=&#8221;100&#8243; height_tablet=&#8221;70&#8243; height_mobile=&#8221;40&#8243;][\/vc_column][vc_column width=&#8221;1\/4&#8243;][stm_icon_box title_tag=&#8221;H6&#8243; icon=&#8221;stmicon-hotel_restaurant&#8221; content_pos=&#8221;center&#8221; icon_pos=&#8221;center&#8221; icon_class=&#8221;ttc&#8221; icon_height=&#8221;80&#8243; icon_width=&#8221;170&#8243; title=&#8221;BUC\u0102T\u0102RIE ECHIPAT\u0102&#8221;][\/stm_icon_box][stm_spacer height=&#8221;100&#8243; height_tablet=&#8221;70&#8243; height_mobile=&#8221;40&#8243;][\/vc_column][vc_column width=&#8221;1\/4&#8243;][stm_icon_box title_tag=&#8221;H6&#8243; icon=&#8221;stmicon-hotel-breakfast2&#8243; content_pos=&#8221;center&#8221; icon_pos=&#8221;center&#8221; icon_class=&#8221;ttc&#8221; icon_height=&#8221;80&#8243; icon_width=&#8221;170&#8243; title=&#8221;CAFEA \u0218I CEAI&#8221;][\/stm_icon_box][\/vc_column][\/vc_row][vc_row][vc_column width=&#8221;1\/4&#8243;][\/vc_column][vc_column width=&#8221;1\/4&#8243;][stm_icon_box title_tag=&#8221;H6&#8243; icon=&#8221;stmicon-hotel_bathtub&#8221; content_pos=&#8221;center&#8221; icon_pos=&#8221;center&#8221; icon_class=&#8221;ttc&#8221; icon_size=&#8221;75&#8243; icon_height=&#8221;80&#8243; icon_width=&#8221;170&#8243; title=&#8221;BAIE ECHIPAT\u0102&#8221;][\/stm_icon_box][stm_spacer height=&#8221;100&#8243; height_tablet=&#8221;70&#8243; height_mobile=&#8221;40&#8243;][\/vc_column][vc_column width=&#8221;1\/4&#8243;][stm_icon_box title_tag=&#8221;H6&#8243; icon=&#8221;stmicon-laundry-service&#8221; content_pos=&#8221;center&#8221; icon_pos=&#8221;center&#8221; icon_class=&#8221;ttc&#8221; icon_height=&#8221;80&#8243; icon_width=&#8221;170&#8243; title=&#8221;MA\u0218IN\u0102 DE SP\u0102LAT&#8221;][\/stm_icon_box][stm_spacer height=&#8221;100&#8243; height_tablet=&#8221;70&#8243; height_mobile=&#8221;40&#8243;][\/vc_column][vc_column width=&#8221;1\/4&#8243;][\/vc_column][\/vc_row][vc_row][vc_column][stm_spacer height=&#8221;80&#8243; height_tablet=&#8221;60&#8243; height_mobile=&#8221;40&#8243;][\/vc_column][\/vc_row][\/vc_section]<\/p>\n","protected":false},"excerpt":{"rendered":"<p>[vc_section][vc_row][vc_column][stm_spacer height=&#8221;73&#8243; height_tablet=&#8221;60&#8243; height_mobile=&#8221;40&#8243;][vc_row_inner][vc_column_inner width=&#8221;1\/2&#8243;][vc_single_image image=&#8221;1572&#8243; img_size=&#8221;400&#215;400&#8243; style=&#8221;vc_box_circle_2&#8243;][\/vc_column_inner][vc_column_inner width=&#8221;1\/2&#8243;][vc_custom_heading text=&#8221;Kali Host Home Away From Home este un Apartament Hotel situat in centrul ora\u0219ului compus din 7 apartamente.&#8221; font_container=&#8221;tag:h3|font_size:30px|text_align:left|line_height:45px&#8221; use_theme_fonts=&#8221;yes&#8221; css=&#8221;.vc_custom_1585742080904{margin-top: 9px !important;margin-bottom: 27px !important;}&#8221;][vc_column_text css=&#8221;.vc_custom_1586096623057{margin-bottom: 52px !important;}&#8221;]Tot apartamentul poate fi folosit de oaspe\u021bii no\u0219tri. Se poate prepara m\u00e2nc\u0103ruri, cafea \u0219i ceai pe care punem la [&hellip;]<\/p>\n","protected":false},"author":1,"featured_media":0,"parent":0,"menu_order":0,"comment_status":"closed","ping_status":"closed","template":"","meta":{"spay_email":"","footnotes":""},"class_list":["post-1647","page","type-page","status-publish","hentry"],"_links":{"self":[{"href":"https:\/\/kalihost.ro\/index.php?rest_route=\/wp\/v2\/pages\/1647","targetHints":{"allow":["GET"]}}],"collection":[{"href":"https:\/\/kalihost.ro\/index.php?rest_route=\/wp\/v2\/pages"}],"about":[{"href":"https:\/\/kalihost.ro\/index.php?rest_route=\/wp\/v2\/types\/page"}],"author":[{"embeddable":true,"href":"https:\/\/kalihost.ro\/index.php?rest_route=\/wp\/v2\/users\/1"}],"replies":[{"embeddable":true,"href":"https:\/\/kalihost.ro\/index.php?rest_route=%2Fwp%2Fv2%2Fcomments&post=1647"}],"version-history":[{"count":0,"href":"https:\/\/kalihost.ro\/index.php?rest_route=\/wp\/v2\/pages\/1647\/revisions"}],"wp:attachment":[{"href":"https:\/\/kalihost.ro\/index.php?rest_route=%2Fwp%2Fv2%2Fmedia&parent=1647"}],"curies":[{"name":"wp","href":"https:\/\/api.w.org\/{rel}","templated":true}]}}