{"id":168,"date":"2018-06-05T04:15:54","date_gmt":"2018-06-05T02:15:54","guid":{"rendered":"http:\/\/multipurpose.loc\/hotel\/?page_id=168"},"modified":"2021-02-06T18:18:26","modified_gmt":"2021-02-06T16:18:26","slug":"kapcsolat","status":"publish","type":"page","link":"https:\/\/kalihost.ro\/?page_id=168","title":{"rendered":"Kapcsolat"},"content":{"rendered":"<p>[vc_section css=&#8221;.vc_custom_1537953987339{padding-top: 0px !important;}&#8221;][vc_row full_width=&#8221;stretch_row&#8221; equal_height=&#8221;yes&#8221; content_placement=&#8221;middle&#8221; shadow_x_offset=&#8221;0&#8243; shadow_y_offset=&#8221;0&#8243; shadow_blur=&#8221;0&#8243; shadow_spread=&#8221;0&#8243; shadow_color=&#8221;&#8221; css=&#8221;.vc_custom_1538134741352{margin-top: 40px !important;margin-bottom: 40px !important;background-color: #f3eee5 !important;}&#8221;][vc_column width=&#8221;1\/2&#8243; shadow_x_offset=&#8221;0&#8243; shadow_y_offset=&#8221;0&#8243; shadow_blur=&#8221;0&#8243; shadow_spread=&#8221;0&#8243; shadow_color=&#8221;&#8221; css=&#8221;.vc_custom_1538133673472{padding-top: 0px !important;padding-right: 50px !important;padding-bottom: 0px !important;}&#8221; offset=&#8221;vc_col-lg-4 vc_col-md-4 vc_col-xs-12&#8243;][stm_spacer height=&#8221;30&#8243; height_tablet=&#8221;30&#8243; height_mobile=&#8221;30&#8243;][vc_column_text]<\/p>\n<h3 style=\"font-size: 48px; line-height: 45px;\">El\u00e9rhet\u0151s\u00e9g<\/h3>\n<p>[\/vc_column_text][stm_spacer height=&#8221;43&#8243; height_tablet=&#8221;10&#8243; height_mobile=&#8221;10&#8243;][stm_icon_box title_tag=&#8221;H6&#8243; title_custom_color=&#8221;rgba(34,34,34,0.6)&#8221; icon=&#8221;stmicon-phone-call&#8221; icon_class=&#8221;custom&#8221; icon_color=&#8221;#3a3138&#8243; icon_size=&#8221;45&#8243; icon_height=&#8221;60&#8243; icon_width=&#8221;65&#8243; title=&#8221;Telefonsz\u00e1m&#8221; title_fsz=&#8221;16px&#8221;]<\/p>\n<h3 style=\"font-size: 22px;\">+40 743 111 540<\/h3>\n<p>[\/stm_icon_box][stm_spacer height=&#8221;21&#8243; height_tablet=&#8221;20&#8243; height_mobile=&#8221;20&#8243;][stm_spacer height=&#8221;21&#8243; height_tablet=&#8221;20&#8243; height_mobile=&#8221;20&#8243;][stm_icon_box title_tag=&#8221;H6&#8243; title_custom_color=&#8221;rgba(34,34,34,0.6)&#8221; icon=&#8221;stmicon-maps-and-flags&#8221; icon_class=&#8221;custom&#8221; icon_color=&#8221;#3a3138&#8243; icon_size=&#8221;46&#8243; icon_height=&#8221;60&#8243; icon_width=&#8221;65&#8243; title=&#8221;C\u00edm&#8221; title_fsz=&#8221;16px&#8221;]<\/p>\n<h3 style=\"font-size: 22px;\">Strada C\u0103l\u0103ra\u015filor 34,<br \/>\nT\u00e2rgu Mure\u0219, Romania<\/h3>\n<p>[\/stm_icon_box][stm_spacer height=&#8221;26&#8243; height_tablet=&#8221;25&#8243; height_mobile=&#8221;20&#8243;][stm_spacer height=&#8221;26&#8243; height_tablet=&#8221;25&#8243; height_mobile=&#8221;20&#8243;][stm_icon_box title_tag=&#8221;H6&#8243; title_custom_color=&#8221;rgba(34,34,34,0.6)&#8221; icon=&#8221;stmicon-mail_outline&#8221; icon_class=&#8221;custom&#8221; icon_color=&#8221;#3a3138&#8243; icon_size=&#8221;46&#8243; icon_height=&#8221;60&#8243; icon_width=&#8221;65&#8243; title=&#8221;EMAIL&#8221; title_fsz=&#8221;16px&#8221;]<\/p>\n<h3 style=\"font-size: 22px;\">kalibarna@yahoo.com<\/h3>\n<p>[\/stm_icon_box][stm_spacer height=&#8221;30&#8243; height_tablet=&#8221;30&#8243; height_mobile=&#8221;30&#8243;][\/vc_column][vc_column stretch=&#8221;right&#8221; width=&#8221;1\/2&#8243; shadow_x_offset=&#8221;0&#8243; shadow_y_offset=&#8221;0&#8243; shadow_blur=&#8221;0&#8243; shadow_spread=&#8221;0&#8243; shadow_color=&#8221;&#8221; offset=&#8221;vc_col-lg-8 vc_col-md-8 vc_col-xs-12&#8243; css=&#8221;.vc_custom_1538133669144{padding-top: 0px !important;padding-bottom: 0px !important;}&#8221;][vc_gmaps link=&#8221;#E-8_JTNDaWZyYW1lJTIwc3JjJTNEJTIyaHR0cHMlM0ElMkYlMkZ3d3cuZ29vZ2xlLmNvbSUyRm1hcHMlMkZlbWJlZCUzRnBiJTNEJTIxMW0xOCUyMTFtMTIlMjExbTMlMjExZDI3NDQuMDA3Njc1NTU3NTMzMyUyMTJkMjQuNTU4MTI0MzE1NTIwMDg2JTIxM2Q0Ni41NDc1MzQ5NzkxMjg3MDYlMjEybTMlMjExZjAlMjEyZjAlMjEzZjAlMjEzbTIlMjExaTEwMjQlMjEyaTc2OCUyMTRmMTMuMSUyMTNtMyUyMTFtMiUyMTFzMHg0NzRiYjYzNmIxYmEwYzcxJTI1M0EweDczMWNlNTQwN2Y4YmU2OTglMjEyelUzUnlZV1JoSUVQRWcyekVnM0poeFo5cGJHOXlJRE0wTENCVXc2SnlaM1VnVFhWeVpjaVolMjE1ZTAlMjEzbTIlMjExc2h1JTIxMnNybyUyMTR2MTU4MjcxMTY1Njg1NSUyMTVtMiUyMTFzaHUlMjEyc3JvJTIyJTIwd2lkdGglM0QlMjI2MDAlMjIlMjBoZWlnaHQlM0QlMjI1MDAlMjIlMjBmcmFtZWJvcmRlciUzRCUyMjAlMjIlMjBzdHlsZSUzRCUyMmJvcmRlciUzQTAlM0IlMjIlMjBhbGxvd2Z1bGxzY3JlZW4lM0QlMjIlMjIlM0UlM0MlMkZpZnJhbWUlM0U=&#8221;][\/vc_column][\/vc_row][\/vc_section][vc_row shadow_x_offset=&#8221;0&#8243; shadow_y_offset=&#8221;0&#8243; shadow_blur=&#8221;0&#8243; shadow_spread=&#8221;0&#8243; shadow_color=&#8221;&#8221; css=&#8221;.vc_custom_1531906799465{padding-top: 20px !important;}&#8221;][vc_column width=&#8221;1\/5&#8243; shadow_x_offset=&#8221;0&#8243; shadow_y_offset=&#8221;0&#8243; shadow_blur=&#8221;0&#8243; shadow_spread=&#8221;0&#8243;][\/vc_column][vc_column width=&#8221;3\/5&#8243;][stm_spacer height=&#8221;120&#8243; height_tablet=&#8221;70&#8243; height_mobile=&#8221;60&#8243;][vc_custom_heading text=&#8221;\u00dczenetk\u00fcld\u00e9s&#8221; font_container=&#8221;tag:h2|text_align:center&#8221; use_theme_fonts=&#8221;yes&#8221; heading_icon=&#8221;stmicon-haircut&#8221; heading_icon_color=&#8221;mtc&#8221; css=&#8221;.vc_custom_1582711723898{margin-bottom: 50px !important;}&#8221;][\/vc_column][vc_column width=&#8221;1\/5&#8243;][\/vc_column][\/vc_row][vc_row][vc_column][vc_column_text]<div id='contact-form-168'>\n<form action='https:\/\/kalihost.ro\/?page_id=168#contact-form-168' method='post' class='contact-form commentsblock'>\n\n<div class='grunion-field-wrap grunion-field-name-wrap'  >\n<label\n\t\t\t\tfor='g168-teljesnv'\n\t\t\t\tclass='grunion-field-label name'\n\t\t\t\t>Teljes n\u00e9v<span>(k\u00f6telez\u0151)<\/span><\/label>\n<input\n\t\t\t\t\ttype='text'\n\t\t\t\t\tname='g168-teljesnv'\n\t\t\t\t\tid='g168-teljesnv'\n\t\t\t\t\tvalue=''\n\t\t\t\t\tclass='name' \n\t\t\t\t\trequired aria-required='true'\n\t\t\t\t\/>\n\t<\/div>\n\n<div class='grunion-field-wrap grunion-field-email-wrap'  >\n<label\n\t\t\t\tfor='g168-email'\n\t\t\t\tclass='grunion-field-label email'\n\t\t\t\t>Email<span>(k\u00f6telez\u0151)<\/span><\/label>\n<input\n\t\t\t\t\ttype='email'\n\t\t\t\t\tname='g168-email'\n\t\t\t\t\tid='g168-email'\n\t\t\t\t\tvalue=''\n\t\t\t\t\tclass='email' \n\t\t\t\t\trequired aria-required='true'\n\t\t\t\t\/>\n\t<\/div>\n\n<div class='grunion-field-wrap grunion-field-textarea-wrap'  >\n<label\n\t\t\t\tfor='contact-form-comment-g168-zenet'\n\t\t\t\tclass='grunion-field-label textarea'\n\t\t\t\t>\u00dczenet<span>(k\u00f6telez\u0151)<\/span><\/label>\n<textarea\n\t\t                name='g168-zenet'\n\t\t                id='contact-form-comment-g168-zenet'\n\t\t                rows='20' class='textarea'  required aria-required='true'><\/textarea>\n\t<\/div>\n\t<p class='contact-submit'>\n\t\t<button type='submit' class='pushbutton-wide'>K\u00fcld\u00e9s<\/button>\t\t<input type='hidden' name='contact-form-id' value='168' \/>\n\t\t<input type='hidden' name='action' value='grunion-contact-form' \/>\n\t\t<input type='hidden' name='contact-form-hash' value='31c55dc6dd6fc3ac6bd009d8a0487dd00deffa82' \/>\n\t<\/p>\n<\/form>\n<\/div>[\/vc_column_text][\/vc_column][\/vc_row]<\/p>\n","protected":false},"excerpt":{"rendered":"<p>[vc_section css=&#8221;.vc_custom_1537953987339{padding-top: 0px !important;}&#8221;][vc_row full_width=&#8221;stretch_row&#8221; equal_height=&#8221;yes&#8221; content_placement=&#8221;middle&#8221; shadow_x_offset=&#8221;0&#8243; shadow_y_offset=&#8221;0&#8243; shadow_blur=&#8221;0&#8243; shadow_spread=&#8221;0&#8243; shadow_color=&#8221;&#8221; css=&#8221;.vc_custom_1538134741352{margin-top: 40px !important;margin-bottom: 40px !important;background-color: #f3eee5 !important;}&#8221;][vc_column width=&#8221;1\/2&#8243; shadow_x_offset=&#8221;0&#8243; shadow_y_offset=&#8221;0&#8243; shadow_blur=&#8221;0&#8243; shadow_spread=&#8221;0&#8243; shadow_color=&#8221;&#8221; css=&#8221;.vc_custom_1538133673472{padding-top: 0px !important;padding-right: 50px !important;padding-bottom: 0px !important;}&#8221; offset=&#8221;vc_col-lg-4 vc_col-md-4 vc_col-xs-12&#8243;][stm_spacer height=&#8221;30&#8243; height_tablet=&#8221;30&#8243; height_mobile=&#8221;30&#8243;][vc_column_text] El\u00e9rhet\u0151s\u00e9g [\/vc_column_text][stm_spacer height=&#8221;43&#8243; height_tablet=&#8221;10&#8243; height_mobile=&#8221;10&#8243;][stm_icon_box title_tag=&#8221;H6&#8243; title_custom_color=&#8221;rgba(34,34,34,0.6)&#8221; icon=&#8221;stmicon-phone-call&#8221; icon_class=&#8221;custom&#8221; icon_color=&#8221;#3a3138&#8243; icon_size=&#8221;45&#8243; icon_height=&#8221;60&#8243; icon_width=&#8221;65&#8243; title=&#8221;Telefonsz\u00e1m&#8221; title_fsz=&#8221;16px&#8221;] +40 743 [&hellip;]<\/p>\n","protected":false},"author":1,"featured_media":0,"parent":0,"menu_order":0,"comment_status":"closed","ping_status":"closed","template":"","meta":{"spay_email":"","footnotes":""},"class_list":["post-168","page","type-page","status-publish","hentry"],"_links":{"self":[{"href":"https:\/\/kalihost.ro\/index.php?rest_route=\/wp\/v2\/pages\/168","targetHints":{"allow":["GET"]}}],"collection":[{"href":"https:\/\/kalihost.ro\/index.php?rest_route=\/wp\/v2\/pages"}],"about":[{"href":"https:\/\/kalihost.ro\/index.php?rest_route=\/wp\/v2\/types\/page"}],"author":[{"embeddable":true,"href":"https:\/\/kalihost.ro\/index.php?rest_route=\/wp\/v2\/users\/1"}],"replies":[{"embeddable":true,"href":"https:\/\/kalihost.ro\/index.php?rest_route=%2Fwp%2Fv2%2Fcomments&post=168"}],"version-history":[{"count":0,"href":"https:\/\/kalihost.ro\/index.php?rest_route=\/wp\/v2\/pages\/168\/revisions"}],"wp:attachment":[{"href":"https:\/\/kalihost.ro\/index.php?rest_route=%2Fwp%2Fv2%2Fmedia&parent=168"}],"curies":[{"name":"wp","href":"https:\/\/api.w.org\/{rel}","templated":true}]}}